{"id":301,"date":"2025-10-17T05:00:30","date_gmt":"2025-10-17T05:00:30","guid":{"rendered":"https:\/\/micron.ds.mt\/index.php\/contact-us\/"},"modified":"2026-04-13T08:29:08","modified_gmt":"2026-04-13T08:29:08","slug":"contact-us","status":"publish","type":"page","link":"https:\/\/micron.ds.mt\/index.php\/contact-us\/","title":{"rendered":"Kontakt"},"content":{"rendered":"\t\t<div data-elementor-type=\"wp-page\" data-elementor-id=\"301\" class=\"elementor elementor-301\" data-elementor-post-type=\"page\">\n\t\t\t\t<div class=\"elementor-element elementor-element-f26ddbc e-flex e-con-boxed magic-button-disabled-no e-con e-parent\" data-id=\"f26ddbc\" data-element_type=\"container\" data-e-type=\"container\" data-settings=\"{&quot;background_background&quot;:&quot;classic&quot;}\">\n\t\t\t\t\t<div class=\"e-con-inner\">\n\t\t<div class=\"elementor-element elementor-element-539d541 e-flex e-con-boxed magic-button-disabled-no e-con e-child\" data-id=\"539d541\" data-element_type=\"container\" data-e-type=\"container\">\n\t\t\t\t\t<div class=\"e-con-inner\">\n\t\t\t\t<div class=\"elementor-element elementor-element-409036e elementor-invisible elementor-widget elementor-widget-heading\" data-id=\"409036e\" data-element_type=\"widget\" data-e-type=\"widget\" data-settings=\"{&quot;_animation&quot;:&quot;fadeIn&quot;}\" data-widget_type=\"heading.default\">\n\t\t\t\t\t<h1 class=\"elementor-heading-title elementor-size-default\">Lernen wir uns kennen.<\/h1>\t\t\t\t<\/div>\n\t\t\t\t<div class=\"elementor-element elementor-element-fada9f9 elementor-invisible elementor-widget elementor-widget-heading\" data-id=\"fada9f9\" data-element_type=\"widget\" data-e-type=\"widget\" data-settings=\"{&quot;_animation&quot;:&quot;fadeIn&quot;}\" data-widget_type=\"heading.default\">\n\t\t\t\t\t<h5 class=\"elementor-heading-title elementor-size-default\">Wir sind Ihr regionaler IT-Partner in S\u00fcdth\u00fcringen \u2013 direkt, ehrlich, pers\u00f6nlich.<\/h5>\t\t\t\t<\/div>\n\t\t\t\t\t<\/div>\n\t\t\t\t<\/div>\n\t\t\t\t\t<\/div>\n\t\t\t\t<\/div>\n\t\t<div class=\"elementor-element elementor-element-a4fb840 e-flex e-con-boxed magic-button-disabled-no e-con e-parent\" data-id=\"a4fb840\" data-element_type=\"container\" data-e-type=\"container\" data-settings=\"{&quot;background_background&quot;:&quot;classic&quot;}\">\n\t\t\t\t\t<div class=\"e-con-inner\">\n\t\t<div class=\"elementor-element elementor-element-2a5135e e-con-full e-flex magic-button-disabled-no e-con e-child\" data-id=\"2a5135e\" data-element_type=\"container\" data-e-type=\"container\">\n\t\t<div class=\"elementor-element elementor-element-3945773 e-grid e-con-full magic-button-disabled-no e-con e-child\" data-id=\"3945773\" data-element_type=\"container\" data-e-type=\"container\">\n\t\t<div class=\"elementor-element elementor-element-54f23bc e-con-full e-flex magic-button-disabled-no e-con e-child\" data-id=\"54f23bc\" data-element_type=\"container\" data-e-type=\"container\">\n\t\t\t\t<div class=\"elementor-element elementor-element-2e2a05f elementor-invisible elementor-widget elementor-widget-heading\" data-id=\"2e2a05f\" data-element_type=\"widget\" data-e-type=\"widget\" data-settings=\"{&quot;_animation&quot;:&quot;fadeIn&quot;}\" data-widget_type=\"heading.default\">\n\t\t\t\t\t<h3 class=\"elementor-heading-title elementor-size-default\">Schreiben Sie uns. Wir melden uns pers\u00f6nlich zur\u00fcck.<\/h3>\t\t\t\t<\/div>\n\t\t\t\t<\/div>\n\t\t\t\t<div class=\"elementor-element elementor-element-0be6aff elementor-button-align-start elementor-widget elementor-widget-form\" data-id=\"0be6aff\" data-element_type=\"widget\" data-e-type=\"widget\" data-settings=\"{&quot;step_next_label&quot;:&quot;N\\u00e4chster&quot;,&quot;step_previous_label&quot;:&quot;Voriger&quot;,&quot;button_width&quot;:&quot;100&quot;,&quot;step_type&quot;:&quot;number_text&quot;,&quot;step_icon_shape&quot;:&quot;circle&quot;}\" data-widget_type=\"form.default\">\n\t\t\t\t\t\t\t<form class=\"elementor-form\" method=\"post\" name=\"Neues Formular\" aria-label=\"Neues Formular\">\n\t\t\t<input type=\"hidden\" name=\"post_id\" value=\"301\"\/>\n\t\t\t<input type=\"hidden\" name=\"form_id\" value=\"0be6aff\"\/>\n\t\t\t<input type=\"hidden\" name=\"referer_title\" value=\"Kontakt - Micron IT-Systemhaus S\u00fcdth\u00fcringen | Verl\u00e4ssliche IT seit 30 Jahren\" \/>\n\n\t\t\t\t\t\t\t<input type=\"hidden\" name=\"queried_id\" value=\"301\"\/>\n\t\t\t\n\t\t\t<div class=\"elementor-form-fields-wrapper elementor-labels-above\">\n\t\t\t\t\t\t\t\t<div class=\"elementor-field-type-text elementor-field-group elementor-column elementor-field-group-name elementor-col-50 elementor-field-required\">\n\t\t\t\t\t\t\t\t\t\t\t\t\t<input size=\"1\" type=\"text\" name=\"form_fields[name]\" id=\"form-field-name\" class=\"elementor-field elementor-size-sm  elementor-field-textual\" placeholder=\"Anrede\" required=\"required\">\n\t\t\t\t\t\t\t\t\t\t\t<\/div>\n\t\t\t\t\t\t\t\t<div class=\"elementor-field-type-text elementor-field-group elementor-column elementor-field-group-field_5f5a08d elementor-col-50 elementor-field-required\">\n\t\t\t\t\t\t\t\t\t\t\t\t\t<input size=\"1\" type=\"text\" name=\"form_fields[field_5f5a08d]\" id=\"form-field-field_5f5a08d\" class=\"elementor-field elementor-size-sm  elementor-field-textual\" placeholder=\"Name\" required=\"required\">\n\t\t\t\t\t\t\t\t\t\t\t<\/div>\n\t\t\t\t\t\t\t\t<div class=\"elementor-field-type-email elementor-field-group elementor-column elementor-field-group-field_1922462 elementor-col-50 elementor-field-required\">\n\t\t\t\t\t\t\t\t\t\t\t\t\t<input size=\"1\" type=\"email\" name=\"form_fields[field_1922462]\" id=\"form-field-field_1922462\" class=\"elementor-field elementor-size-sm  elementor-field-textual\" placeholder=\"E-Mail Adresse\" required=\"required\">\n\t\t\t\t\t\t\t\t\t\t\t<\/div>\n\t\t\t\t\t\t\t\t<div class=\"elementor-field-type-tel elementor-field-group elementor-column elementor-field-group-field_5755626 elementor-col-50 elementor-field-required\">\n\t\t\t\t\t\t\t<input size=\"1\" type=\"tel\" name=\"form_fields[field_5755626]\" id=\"form-field-field_5755626\" class=\"elementor-field elementor-size-sm  elementor-field-textual\" placeholder=\"Telefonnummer\" required=\"required\" pattern=\"[0-9()#&amp;+*-=.]+\" title=\"Nur Nummern oder Telefon-Zeichen (#, -, *, etc) werden akzeptiert.\">\n\n\t\t\t\t\t\t<\/div>\n\t\t\t\t\t\t\t\t<div class=\"elementor-field-type-textarea elementor-field-group elementor-column elementor-field-group-field_917dad3 elementor-col-100\">\n\t\t\t\t\t<textarea class=\"elementor-field-textual elementor-field  elementor-size-sm\" name=\"form_fields[field_917dad3]\" id=\"form-field-field_917dad3\" rows=\"4\" placeholder=\"Ihre Nachricht\"><\/textarea>\t\t\t\t<\/div>\n\t\t\t\t\t\t\t\t<div class=\"elementor-field-type-acceptance elementor-field-group elementor-column elementor-field-group-field_b718a3e elementor-col-100\">\n\t\t\t\t\t\t\t<div class=\"elementor-field-subgroup\">\n\t\t\t<span class=\"elementor-field-option\">\n\t\t\t\t<input type=\"checkbox\" name=\"form_fields[field_b718a3e]\" id=\"form-field-field_b718a3e\" class=\"elementor-field elementor-size-sm  elementor-acceptance-field\">\n\t\t\t\t<label for=\"form-field-field_b718a3e\">Hiermit akzeptiere ich die Datenschutzbestimmungen und stimme der Kontaktaufnahme zu.<\/label>\t\t\t<\/span>\n\t\t<\/div>\n\t\t\t\t\t\t<\/div>\n\t\t\t\t\t\t\t\t<div class=\"elementor-field-group elementor-column elementor-field-type-submit elementor-col-100 e-form__buttons\">\n\t\t\t\t\t<button class=\"elementor-button elementor-size-sm\" type=\"submit\">\n\t\t\t\t\t\t<span class=\"elementor-button-content-wrapper\">\n\t\t\t\t\t\t\t\t\t\t\t\t\t\t\t\t\t\t\t\t\t\t<span class=\"elementor-button-text\">Senden<\/span>\n\t\t\t\t\t\t\t\t\t\t\t\t\t<\/span>\n\t\t\t\t\t<\/button>\n\t\t\t\t<\/div>\n\t\t\t<\/div>\n\t\t<\/form>\n\t\t\t\t\t\t<\/div>\n\t\t\t\t<\/div>\n\t\t\t\t<\/div>\n\t\t\t\t\t<\/div>\n\t\t\t\t<\/div>\n\t\t<div class=\"elementor-element elementor-element-4b1ba32 e-flex e-con-boxed magic-button-disabled-no e-con e-parent\" data-id=\"4b1ba32\" data-element_type=\"container\" data-e-type=\"container\" data-settings=\"{&quot;background_background&quot;:&quot;gradient&quot;}\">\n\t\t\t\t\t<div class=\"e-con-inner\">\n\t\t\t\t<div class=\"elementor-element elementor-element-6dfc795 elementor-widget elementor-widget-heading\" data-id=\"6dfc795\" data-element_type=\"widget\" data-e-type=\"widget\" data-widget_type=\"heading.default\">\n\t\t\t\t\t<h2 class=\"elementor-heading-title elementor-size-default\">So erreichen Sie uns<\/h2>\t\t\t\t<\/div>\n\t\t<div class=\"elementor-element elementor-element-7917227 e-con-full e-flex magic-button-disabled-no e-con e-child\" data-id=\"7917227\" data-element_type=\"container\" data-e-type=\"container\">\n\t\t<div class=\"elementor-element elementor-element-c2a6849 e-grid e-con-boxed magic-button-disabled-no e-con e-child\" data-id=\"c2a6849\" data-element_type=\"container\" data-e-type=\"container\">\n\t\t\t\t\t<div class=\"e-con-inner\">\n\t\t<div class=\"elementor-element elementor-element-8a79f4a e-con-full e-flex magic-button-disabled-no e-con e-child\" data-id=\"8a79f4a\" data-element_type=\"container\" data-e-type=\"container\">\n\t\t\t\t<div class=\"elementor-element elementor-element-3bdc816 elementor-widget elementor-widget-text-editor\" data-id=\"3bdc816\" data-element_type=\"widget\" data-e-type=\"widget\" data-widget_type=\"text-editor.default\">\n\t\t\t\t\t\t\t\t\t<p><strong>Micron GmbH<br \/><\/strong>Am Still 2<br \/>98617 Meiningen OT S\u00fclzfeld<\/p>\t\t\t\t\t\t\t\t<\/div>\n\t\t\t\t<\/div>\n\t\t\t\t<div class=\"elementor-element elementor-element-e1759c5 elementor-widget elementor-widget-text-editor\" data-id=\"e1759c5\" data-element_type=\"widget\" data-e-type=\"widget\" data-widget_type=\"text-editor.default\">\n\t\t\t\t\t\t\t\t\t<p><a class=\"jtel c1\">Telefon: +49 (3693) 8816-0<\/a><br \/>E-Mail: <span class=\"c1 tdn dib standortmail\">info@micron.de<\/span><br \/>\u00d6ffnungszeiten: Mo &#8211; Fr: 08:00 &#8211; 17:00 Uhr<\/p>\t\t\t\t\t\t\t\t<\/div>\n\t\t\t\t\t<\/div>\n\t\t\t\t<\/div>\n\t\t\t\t<\/div>\n\t\t\t\t\t<\/div>\n\t\t\t\t<\/div>\n\t\t\t\t<\/div>\n\t\t","protected":false},"excerpt":{"rendered":"<p>Lernen wir uns kennen. Wir sind Ihr regionaler IT-Partner in S\u00fcdth\u00fcringen \u2013 direkt, ehrlich, pers\u00f6nlich. Schreiben Sie uns. Wir melden uns pers\u00f6nlich zur\u00fcck. So erreichen Sie uns Micron GmbHAm Still 298617 Meiningen OT S\u00fclzfeld Telefon: +49 (3693) 8816-0E-Mail: info@micron.de\u00d6ffnungszeiten: Mo &#8211; Fr: 08:00 &#8211; 17:00 Uhr<\/p>\n","protected":false},"author":1,"featured_media":306,"parent":0,"menu_order":0,"comment_status":"closed","ping_status":"closed","template":"elementor_header_footer","meta":{"footnotes":""},"class_list":["post-301","page","type-page","status-publish","has-post-thumbnail","hentry"],"yoast_head":"<!-- This site is optimized with the Yoast SEO plugin v27.3 - https:\/\/yoast.com\/product\/yoast-seo-wordpress\/ -->\n<title>Kontakt - Micron IT-Systemhaus S\u00fcdth\u00fcringen | Verl\u00e4ssliche IT seit 30 Jahren<\/title>\n<meta name=\"robots\" content=\"noindex, follow, max-snippet:-1, max-image-preview:large, max-video-preview:-1\" \/>\n<meta property=\"og:locale\" content=\"de_DE\" \/>\n<meta property=\"og:type\" content=\"article\" \/>\n<meta property=\"og:title\" content=\"Kontakt - Micron IT-Systemhaus S\u00fcdth\u00fcringen | Verl\u00e4ssliche IT seit 30 Jahren\" \/>\n<meta property=\"og:description\" content=\"Lernen wir uns kennen. Wir sind Ihr regionaler IT-Partner in S\u00fcdth\u00fcringen \u2013 direkt, ehrlich, pers\u00f6nlich. Schreiben Sie uns. Wir melden uns pers\u00f6nlich zur\u00fcck. So erreichen Sie uns Micron GmbHAm Still 298617 Meiningen OT S\u00fclzfeld Telefon: +49 (3693) 8816-0E-Mail: info@micron.de\u00d6ffnungszeiten: Mo &#8211; Fr: 08:00 &#8211; 17:00 Uhr\" \/>\n<meta property=\"og:url\" content=\"https:\/\/micron.ds.mt\/index.php\/contact-us\/\" \/>\n<meta property=\"og:site_name\" content=\"Micron IT-Systemhaus S\u00fcdth\u00fcringen | Verl\u00e4ssliche IT seit 30 Jahren\" \/>\n<meta property=\"article:modified_time\" content=\"2026-04-13T08:29:08+00:00\" \/>\n<meta property=\"og:image\" content=\"https:\/\/micron.ds.mt\/wp-content\/uploads\/2025\/10\/Contact-Us-400_380.jpg\" \/>\n\t<meta property=\"og:image:width\" content=\"400\" \/>\n\t<meta property=\"og:image:height\" content=\"380\" \/>\n\t<meta property=\"og:image:type\" content=\"image\/jpeg\" \/>\n<meta name=\"twitter:card\" content=\"summary_large_image\" \/>\n<meta name=\"twitter:label1\" content=\"Gesch\u00e4tzte Lesezeit\" \/>\n\t<meta name=\"twitter:data1\" content=\"1\u00a0Minute\" \/>\n<script type=\"application\/ld+json\" class=\"yoast-schema-graph\">{\"@context\":\"https:\\\/\\\/schema.org\",\"@graph\":[{\"@type\":\"WebPage\",\"@id\":\"https:\\\/\\\/micron.ds.mt\\\/index.php\\\/contact-us\\\/\",\"url\":\"https:\\\/\\\/micron.ds.mt\\\/index.php\\\/contact-us\\\/\",\"name\":\"Kontakt - Micron IT-Systemhaus S\u00fcdth\u00fcringen | Verl\u00e4ssliche IT seit 30 Jahren\",\"isPartOf\":{\"@id\":\"https:\\\/\\\/micron.ds.mt\\\/#website\"},\"primaryImageOfPage\":{\"@id\":\"https:\\\/\\\/micron.ds.mt\\\/index.php\\\/contact-us\\\/#primaryimage\"},\"image\":{\"@id\":\"https:\\\/\\\/micron.ds.mt\\\/index.php\\\/contact-us\\\/#primaryimage\"},\"thumbnailUrl\":\"https:\\\/\\\/micron.ds.mt\\\/wp-content\\\/uploads\\\/2025\\\/10\\\/Contact-Us-400_380.jpg\",\"datePublished\":\"2025-10-17T05:00:30+00:00\",\"dateModified\":\"2026-04-13T08:29:08+00:00\",\"breadcrumb\":{\"@id\":\"https:\\\/\\\/micron.ds.mt\\\/index.php\\\/contact-us\\\/#breadcrumb\"},\"inLanguage\":\"de\",\"potentialAction\":[{\"@type\":\"ReadAction\",\"target\":[\"https:\\\/\\\/micron.ds.mt\\\/index.php\\\/contact-us\\\/\"]}]},{\"@type\":\"ImageObject\",\"inLanguage\":\"de\",\"@id\":\"https:\\\/\\\/micron.ds.mt\\\/index.php\\\/contact-us\\\/#primaryimage\",\"url\":\"https:\\\/\\\/micron.ds.mt\\\/wp-content\\\/uploads\\\/2025\\\/10\\\/Contact-Us-400_380.jpg\",\"contentUrl\":\"https:\\\/\\\/micron.ds.mt\\\/wp-content\\\/uploads\\\/2025\\\/10\\\/Contact-Us-400_380.jpg\",\"width\":400,\"height\":380},{\"@type\":\"BreadcrumbList\",\"@id\":\"https:\\\/\\\/micron.ds.mt\\\/index.php\\\/contact-us\\\/#breadcrumb\",\"itemListElement\":[{\"@type\":\"ListItem\",\"position\":1,\"name\":\"Startseite\",\"item\":\"https:\\\/\\\/micron.ds.mt\\\/\"},{\"@type\":\"ListItem\",\"position\":2,\"name\":\"Kontakt\"}]},{\"@type\":\"WebSite\",\"@id\":\"https:\\\/\\\/micron.ds.mt\\\/#website\",\"url\":\"https:\\\/\\\/micron.ds.mt\\\/\",\"name\":\"Micron IT-Systemhaus S\u00fcdth\u00fcringen | Verl\u00e4ssliche IT seit 30 Jahren\",\"description\":\"Micron ist Ihr regionaler IT-Partner in S\u00fcdth\u00fcringen: Infrastruktur, Sicherheit, Microsoft 365 und Support \u2013 verl\u00e4sslich, dokumentiert, jederzeit erreichbar.\",\"publisher\":{\"@id\":\"https:\\\/\\\/micron.ds.mt\\\/#organization\"},\"potentialAction\":[{\"@type\":\"SearchAction\",\"target\":{\"@type\":\"EntryPoint\",\"urlTemplate\":\"https:\\\/\\\/micron.ds.mt\\\/?s={search_term_string}\"},\"query-input\":{\"@type\":\"PropertyValueSpecification\",\"valueRequired\":true,\"valueName\":\"search_term_string\"}}],\"inLanguage\":\"de\"},{\"@type\":\"Organization\",\"@id\":\"https:\\\/\\\/micron.ds.mt\\\/#organization\",\"name\":\"Micron IT-Systemhaus S\u00fcdth\u00fcringen | Verl\u00e4ssliche IT seit 30 Jahren\",\"url\":\"https:\\\/\\\/micron.ds.mt\\\/\",\"logo\":{\"@type\":\"ImageObject\",\"inLanguage\":\"de\",\"@id\":\"https:\\\/\\\/micron.ds.mt\\\/#\\\/schema\\\/logo\\\/image\\\/\",\"url\":\"https:\\\/\\\/micron.ds.mt\\\/wp-content\\\/uploads\\\/2025\\\/10\\\/micron_4c_sw.webp\",\"contentUrl\":\"https:\\\/\\\/micron.ds.mt\\\/wp-content\\\/uploads\\\/2025\\\/10\\\/micron_4c_sw.webp\",\"width\":1096,\"height\":276,\"caption\":\"Micron IT-Systemhaus S\u00fcdth\u00fcringen | Verl\u00e4ssliche IT seit 30 Jahren\"},\"image\":{\"@id\":\"https:\\\/\\\/micron.ds.mt\\\/#\\\/schema\\\/logo\\\/image\\\/\"}}]}<\/script>\n<!-- \/ Yoast SEO plugin. -->","yoast_head_json":{"title":"Kontakt - Micron IT-Systemhaus S\u00fcdth\u00fcringen | Verl\u00e4ssliche IT seit 30 Jahren","robots":{"index":"noindex","follow":"follow","max-snippet":"max-snippet:-1","max-image-preview":"max-image-preview:large","max-video-preview":"max-video-preview:-1"},"og_locale":"de_DE","og_type":"article","og_title":"Kontakt - Micron IT-Systemhaus S\u00fcdth\u00fcringen | Verl\u00e4ssliche IT seit 30 Jahren","og_description":"Lernen wir uns kennen. Wir sind Ihr regionaler IT-Partner in S\u00fcdth\u00fcringen \u2013 direkt, ehrlich, pers\u00f6nlich. Schreiben Sie uns. Wir melden uns pers\u00f6nlich zur\u00fcck. So erreichen Sie uns Micron GmbHAm Still 298617 Meiningen OT S\u00fclzfeld Telefon: +49 (3693) 8816-0E-Mail: info@micron.de\u00d6ffnungszeiten: Mo &#8211; Fr: 08:00 &#8211; 17:00 Uhr","og_url":"https:\/\/micron.ds.mt\/index.php\/contact-us\/","og_site_name":"Micron IT-Systemhaus S\u00fcdth\u00fcringen | Verl\u00e4ssliche IT seit 30 Jahren","article_modified_time":"2026-04-13T08:29:08+00:00","og_image":[{"width":400,"height":380,"url":"https:\/\/micron.ds.mt\/wp-content\/uploads\/2025\/10\/Contact-Us-400_380.jpg","type":"image\/jpeg"}],"twitter_card":"summary_large_image","twitter_misc":{"Gesch\u00e4tzte Lesezeit":"1\u00a0Minute"},"schema":{"@context":"https:\/\/schema.org","@graph":[{"@type":"WebPage","@id":"https:\/\/micron.ds.mt\/index.php\/contact-us\/","url":"https:\/\/micron.ds.mt\/index.php\/contact-us\/","name":"Kontakt - Micron IT-Systemhaus S\u00fcdth\u00fcringen | Verl\u00e4ssliche IT seit 30 Jahren","isPartOf":{"@id":"https:\/\/micron.ds.mt\/#website"},"primaryImageOfPage":{"@id":"https:\/\/micron.ds.mt\/index.php\/contact-us\/#primaryimage"},"image":{"@id":"https:\/\/micron.ds.mt\/index.php\/contact-us\/#primaryimage"},"thumbnailUrl":"https:\/\/micron.ds.mt\/wp-content\/uploads\/2025\/10\/Contact-Us-400_380.jpg","datePublished":"2025-10-17T05:00:30+00:00","dateModified":"2026-04-13T08:29:08+00:00","breadcrumb":{"@id":"https:\/\/micron.ds.mt\/index.php\/contact-us\/#breadcrumb"},"inLanguage":"de","potentialAction":[{"@type":"ReadAction","target":["https:\/\/micron.ds.mt\/index.php\/contact-us\/"]}]},{"@type":"ImageObject","inLanguage":"de","@id":"https:\/\/micron.ds.mt\/index.php\/contact-us\/#primaryimage","url":"https:\/\/micron.ds.mt\/wp-content\/uploads\/2025\/10\/Contact-Us-400_380.jpg","contentUrl":"https:\/\/micron.ds.mt\/wp-content\/uploads\/2025\/10\/Contact-Us-400_380.jpg","width":400,"height":380},{"@type":"BreadcrumbList","@id":"https:\/\/micron.ds.mt\/index.php\/contact-us\/#breadcrumb","itemListElement":[{"@type":"ListItem","position":1,"name":"Startseite","item":"https:\/\/micron.ds.mt\/"},{"@type":"ListItem","position":2,"name":"Kontakt"}]},{"@type":"WebSite","@id":"https:\/\/micron.ds.mt\/#website","url":"https:\/\/micron.ds.mt\/","name":"Micron IT-Systemhaus S\u00fcdth\u00fcringen | Verl\u00e4ssliche IT seit 30 Jahren","description":"Micron ist Ihr regionaler IT-Partner in S\u00fcdth\u00fcringen: Infrastruktur, Sicherheit, Microsoft 365 und Support \u2013 verl\u00e4sslich, dokumentiert, jederzeit erreichbar.","publisher":{"@id":"https:\/\/micron.ds.mt\/#organization"},"potentialAction":[{"@type":"SearchAction","target":{"@type":"EntryPoint","urlTemplate":"https:\/\/micron.ds.mt\/?s={search_term_string}"},"query-input":{"@type":"PropertyValueSpecification","valueRequired":true,"valueName":"search_term_string"}}],"inLanguage":"de"},{"@type":"Organization","@id":"https:\/\/micron.ds.mt\/#organization","name":"Micron IT-Systemhaus S\u00fcdth\u00fcringen | Verl\u00e4ssliche IT seit 30 Jahren","url":"https:\/\/micron.ds.mt\/","logo":{"@type":"ImageObject","inLanguage":"de","@id":"https:\/\/micron.ds.mt\/#\/schema\/logo\/image\/","url":"https:\/\/micron.ds.mt\/wp-content\/uploads\/2025\/10\/micron_4c_sw.webp","contentUrl":"https:\/\/micron.ds.mt\/wp-content\/uploads\/2025\/10\/micron_4c_sw.webp","width":1096,"height":276,"caption":"Micron IT-Systemhaus S\u00fcdth\u00fcringen | Verl\u00e4ssliche IT seit 30 Jahren"},"image":{"@id":"https:\/\/micron.ds.mt\/#\/schema\/logo\/image\/"}}]}},"_links":{"self":[{"href":"https:\/\/micron.ds.mt\/index.php\/wp-json\/wp\/v2\/pages\/301","targetHints":{"allow":["GET"]}}],"collection":[{"href":"https:\/\/micron.ds.mt\/index.php\/wp-json\/wp\/v2\/pages"}],"about":[{"href":"https:\/\/micron.ds.mt\/index.php\/wp-json\/wp\/v2\/types\/page"}],"author":[{"embeddable":true,"href":"https:\/\/micron.ds.mt\/index.php\/wp-json\/wp\/v2\/users\/1"}],"replies":[{"embeddable":true,"href":"https:\/\/micron.ds.mt\/index.php\/wp-json\/wp\/v2\/comments?post=301"}],"version-history":[{"count":26,"href":"https:\/\/micron.ds.mt\/index.php\/wp-json\/wp\/v2\/pages\/301\/revisions"}],"predecessor-version":[{"id":1165,"href":"https:\/\/micron.ds.mt\/index.php\/wp-json\/wp\/v2\/pages\/301\/revisions\/1165"}],"wp:featuredmedia":[{"embeddable":true,"href":"https:\/\/micron.ds.mt\/index.php\/wp-json\/wp\/v2\/media\/306"}],"wp:attachment":[{"href":"https:\/\/micron.ds.mt\/index.php\/wp-json\/wp\/v2\/media?parent=301"}],"curies":[{"name":"wp","href":"https:\/\/api.w.org\/{rel}","templated":true}]}}